{"id":135,"date":"2025-08-23T07:04:52","date_gmt":"2025-08-23T07:04:52","guid":{"rendered":"https:\/\/agentaya.com\/?page_id=135"},"modified":"2026-01-21T16:57:13","modified_gmt":"2026-01-21T14:57:13","slug":"sobre-nosotros","status":"publish","type":"page","link":"https:\/\/agentaya.com\/es\/sobre-nosotros\/","title":{"rendered":"Sobre nosotros"},"content":{"rendered":"<style>.wp-block-kadence-advancedheading.kt-adv-heading135_278a88-43, .wp-block-kadence-advancedheading.kt-adv-heading135_278a88-43[data-kb-block=\"kb-adv-heading135_278a88-43\"]{text-align:center;font-size:var(--global-kb-font-size-xl, 3rem);font-style:normal;}.wp-block-kadence-advancedheading.kt-adv-heading135_278a88-43 mark.kt-highlight, .wp-block-kadence-advancedheading.kt-adv-heading135_278a88-43[data-kb-block=\"kb-adv-heading135_278a88-43\"] mark.kt-highlight{font-style:normal;color:#f76a0c;-webkit-box-decoration-break:clone;box-decoration-break:clone;padding-top:0px;padding-right:0px;padding-bottom:0px;padding-left:0px;}.wp-block-kadence-advancedheading.kt-adv-heading135_278a88-43 img.kb-inline-image, .wp-block-kadence-advancedheading.kt-adv-heading135_278a88-43[data-kb-block=\"kb-adv-heading135_278a88-43\"] img.kb-inline-image{width:150px;vertical-align:baseline;}<\/style>\n<h1 class=\"kt-adv-heading135_278a88-43 wp-block-kadence-advancedheading\" data-kb-block=\"kb-adv-heading135_278a88-43\"><span class=\"bg-highlight\">Sobre nosotros<\/span><\/h1>\n\n\n<style>.kb-row-layout-id135_93151f-ec > .kt-row-column-wrap{align-content:start;}:where(.kb-row-layout-id135_93151f-ec > .kt-row-column-wrap) > .wp-block-kadence-column{justify-content:start;}.kb-row-layout-id135_93151f-ec > .kt-row-column-wrap{column-gap:var(--global-kb-gap-md, 2rem);row-gap:var(--global-kb-gap-md, 2rem);max-width:var( --global-content-width, 1290px );padding-left:var(--global-content-edge-padding);padding-right:var(--global-content-edge-padding);padding-top:var(--global-kb-spacing-sm, 1.5rem);padding-right:var(--global-kb-spacing-md, 2rem);padding-bottom:var(--global-kb-spacing-sm, 1.5rem);padding-left:var(--global-kb-spacing-md, 2rem);grid-template-columns:minmax(0, 1fr);}.kb-row-layout-id135_93151f-ec > .kt-row-layout-overlay{opacity:0.30;}@media all and (max-width: 1024px){.kb-row-layout-id135_93151f-ec > .kt-row-column-wrap{grid-template-columns:minmax(0, 1fr);}}@media all and (max-width: 767px){.kb-row-layout-id135_93151f-ec > .kt-row-column-wrap{grid-template-columns:minmax(0, 1fr);}}<\/style><div class=\"kb-row-layout-wrap kb-row-layout-id135_93151f-ec alignnone wp-block-kadence-rowlayout\"><div class=\"kt-row-column-wrap kt-has-1-columns kt-row-layout-equal kt-tab-layout-inherit kt-mobile-layout-row kt-row-valign-top kb-theme-content-width\">\n<style>.kadence-column135_f182a7-22 > .kt-inside-inner-col{padding-right:12vw;padding-left:12vw;}.kadence-column135_f182a7-22 > .kt-inside-inner-col,.kadence-column135_f182a7-22 > .kt-inside-inner-col:before{border-top-left-radius:0px;border-top-right-radius:0px;border-bottom-right-radius:0px;border-bottom-left-radius:0px;}.kadence-column135_f182a7-22 > .kt-inside-inner-col{column-gap:var(--global-kb-gap-sm, 1rem);}.kadence-column135_f182a7-22 > .kt-inside-inner-col{flex-direction:column;}.kadence-column135_f182a7-22 > .kt-inside-inner-col > .aligncenter{width:100%;}.kadence-column135_f182a7-22 > .kt-inside-inner-col:before{opacity:0.3;}.kadence-column135_f182a7-22{position:relative;}@media all and (max-width: 1024px){.kadence-column135_f182a7-22 > .kt-inside-inner-col{flex-direction:column;justify-content:center;}}@media all and (max-width: 767px){.kadence-column135_f182a7-22 > .kt-inside-inner-col{flex-direction:column;justify-content:center;}}<\/style>\n<div class=\"wp-block-kadence-column kadence-column135_f182a7-22\"><div class=\"kt-inside-inner-col\">\n<p>AgentAya fue creada para ayudar a las personas a entender el mundo de las herramientas de inteligencia artificial y los <a href=\"https:\/\/agentaya.com\/es\/agentes-de-ia\/\" data-type=\"page\" data-id=\"551\">agentes de IA<\/a>, que crece r\u00e1pidamente y a menudo resulta confuso. Cada d\u00eda se lanzan nuevas soluciones innovadoras de IA, pero es dif\u00edcil saber cu\u00e1les realmente funcionan, cu\u00e1les vale la pena pagar y cu\u00e1les son las adecuadas para su negocio.<\/p>\n\n\n\n<p>Vimos que hab\u00eda una verdadera brecha en el mercado. Mientras que sectores como viajes, seguros o comercio electr\u00f3nico ya cuentan con plataformas claras que ayudan a las personas a tomar decisiones informadas, el espacio de la IA sigue siendo fragmentado y dif\u00edcil de navegar. El ruido, la exageraci\u00f3n y el marketing hacen a\u00fan m\u00e1s dif\u00edcil identificar lo que realmente aporta valor.<\/p>\n\n\n\n<p><a href=\"https:\/\/agentaya.com\/es\/\" data-type=\"page\" data-id=\"6\">AgentAya<\/a> ayuda a las peque\u00f1as y medianas empresas a atravesar el ruido y encontrar herramientas pr\u00e1cticas, \u00fatiles y confiables. Nuestro equipo revisa y compara agentes de IA de forma manual, enfoc\u00e1ndose en lo que realmente importa a los usuarios reales.<\/p>\n\n\n\n<p>Nos centramos en la usabilidad, los precios, la transparencia, el rendimiento y la compatibilidad. No en palabras de moda o promociones pagadas.<\/p>\n\n\n\n<p>Tambi\u00e9n estamos comprometidos con servir a mercados de habla no inglesa, donde la informaci\u00f3n independiente de alta calidad a menudo es escasa. Nuestro objetivo es hacer que esta tecnolog\u00eda sea accesible y comprensible, independientemente de su idioma, ubicaci\u00f3n o conocimientos t\u00e9cnicos.<\/p>\n\n\n\n<p>AgentAya es profesional y toma en serio su responsabilidad. Sabemos que los propietarios de peque\u00f1as empresas no pueden permitirse perder tiempo o dinero en el software equivocado. Nuestro prop\u00f3sito es apoyarlos con informaci\u00f3n clara y confiable para que puedan tomar decisiones r\u00e1pidas y seguras, y mantenerse competitivos en un mundo impulsado por la IA.<\/p>\n\n\n\n<p>No cobramos a los usuarios por acceder a nuestra plataforma. Recibimos comisiones de algunas de las herramientas que recomendamos, pero esto no influye en nuestras clasificaciones o rese\u00f1as. Aplicamos los mismos est\u00e1ndares a cada producto que cubrimos, y somos completamente transparentes sobre c\u00f3mo trabajamos.<\/p>\n\n\n\n<p>AgentAya est\u00e1 construida por un peque\u00f1o equipo internacional que comparte la creencia en el potencial de la IA para empoderar a las personas. Y un compromiso de ayudar a otros a encontrar claridad en un mercado lleno de ruido.<\/p>\n\n\n\n<p>Si tiene preguntas, sugerencias, o simplemente desea ponerse en contacto, no dude en escribirnos a <strong><a href=\"mailto:info@agentaya.com\">info@agentaya.com<\/a><\/strong>.<\/p>\n<\/div><\/div>\n\n<\/div><\/div>\n\n<div class=\"wp-block-group\"><div class=\"wp-block-group__inner-container is-layout-constrained wp-block-group-is-layout-constrained\"><style>.kb-row-layout-id6_6bbd6b-37 > .kt-row-column-wrap{align-content:start;}:where(.kb-row-layout-id6_6bbd6b-37 > .kt-row-column-wrap) > .wp-block-kadence-column{justify-content:start;}.kb-row-layout-id6_6bbd6b-37 > .kt-row-column-wrap{column-gap:var(--global-kb-gap-md, 2rem);row-gap:var(--global-kb-gap-md, 2rem);max-width:var( --global-content-width, 1290px );padding-left:var(--global-content-edge-padding);padding-right:var(--global-content-edge-padding);padding-top:var(--global-kb-spacing-sm, 1.5rem);padding-bottom:var(--global-kb-spacing-sm, 1.5rem);grid-template-columns:minmax(0, 1fr);}.kb-row-layout-id6_6bbd6b-37 > .kt-row-layout-overlay{opacity:0.30;}@media all and (max-width: 1024px){.kb-row-layout-id6_6bbd6b-37 > .kt-row-column-wrap{grid-template-columns:minmax(0, 1fr);}}@media all and (max-width: 767px){.kb-row-layout-id6_6bbd6b-37 > .kt-row-column-wrap{grid-template-columns:minmax(0, 1fr);}}<\/style><div class=\"kb-row-layout-wrap kb-row-layout-id6_6bbd6b-37 alignnone wp-block-kadence-rowlayout\"><div class=\"kt-row-column-wrap kt-has-1-columns kt-row-layout-equal kt-tab-layout-inherit kt-mobile-layout-row kt-row-valign-top kb-theme-content-width\">\n<style>.kadence-column6_174203-46 > .kt-inside-inner-col{display:flex;}.kadence-column6_174203-46 > .kt-inside-inner-col,.kadence-column6_174203-46 > .kt-inside-inner-col:before{border-top-left-radius:0px;border-top-right-radius:0px;border-bottom-right-radius:0px;border-bottom-left-radius:0px;}.kadence-column6_174203-46 > .kt-inside-inner-col{column-gap:var(--global-kb-gap-sm, 1rem);}.kadence-column6_174203-46 > .kt-inside-inner-col{flex-direction:column;align-items:center;}.kadence-column6_174203-46 > .kt-inside-inner-col > .kb-image-is-ratio-size{align-self:stretch;}.kadence-column6_174203-46 > .kt-inside-inner-col > .wp-block-kadence-advancedgallery{align-self:stretch;}.kadence-column6_174203-46 > .kt-inside-inner-col > .aligncenter{width:100%;}.kadence-column6_174203-46 > .kt-inside-inner-col:before{opacity:0.3;}.kadence-column6_174203-46{position:relative;}@media all and (max-width: 1024px){.kadence-column6_174203-46 > .kt-inside-inner-col{flex-direction:column;justify-content:center;align-items:center;}}@media all and (max-width: 767px){.kadence-column6_174203-46 > .kt-inside-inner-col{flex-direction:column;justify-content:center;align-items:center;}}<\/style>\n<div class=\"wp-block-kadence-column kadence-column6_174203-46\"><div class=\"kt-inside-inner-col\"><style>.wp-block-kadence-advancedheading.kt-adv-heading6_bbd854-4b, .wp-block-kadence-advancedheading.kt-adv-heading6_bbd854-4b[data-kb-block=\"kb-adv-heading6_bbd854-4b\"]{font-size:2.2vw;font-style:normal;}.wp-block-kadence-advancedheading.kt-adv-heading6_bbd854-4b mark.kt-highlight, .wp-block-kadence-advancedheading.kt-adv-heading6_bbd854-4b[data-kb-block=\"kb-adv-heading6_bbd854-4b\"] mark.kt-highlight{font-style:normal;color:#f76a0c;-webkit-box-decoration-break:clone;box-decoration-break:clone;padding-top:0px;padding-right:0px;padding-bottom:0px;padding-left:0px;}.wp-block-kadence-advancedheading.kt-adv-heading6_bbd854-4b img.kb-inline-image, .wp-block-kadence-advancedheading.kt-adv-heading6_bbd854-4b[data-kb-block=\"kb-adv-heading6_bbd854-4b\"] img.kb-inline-image{width:150px;vertical-align:baseline;}<\/style>\n<h2 class=\"kt-adv-heading6_bbd854-4b wp-block-kadence-advancedheading\" data-kb-block=\"kb-adv-heading6_bbd854-4b\"><span class=\"bg-highlight\">Mantente al d\u00eda<\/span><\/h2>\n\n\n\n<p class=\"has-text-align-center\">No te pierdas ninguna novedad. Suscr\u00edbete y recibe las \u00faltimas rese\u00f1as <br>de herramientas de IA directamente en tu correo.<\/p>\n<\/div><\/div>\n\n<\/div><\/div>\n\n<style>.kb-row-layout-id6_018025-58 > .kt-row-column-wrap{align-content:start;}:where(.kb-row-layout-id6_018025-58 > .kt-row-column-wrap) > .wp-block-kadence-column{justify-content:start;}.kb-row-layout-id6_018025-58 > .kt-row-column-wrap{column-gap:var(--global-kb-gap-md, 2rem);row-gap:var(--global-kb-gap-md, 2rem);max-width:var( --global-content-width, 1290px );padding-left:var(--global-content-edge-padding);padding-right:var(--global-content-edge-padding);padding-top:var(--global-kb-spacing-sm, 1.5rem);padding-bottom:var(--global-kb-spacing-sm, 1.5rem);grid-template-columns:minmax(0, 1fr);}.kb-row-layout-id6_018025-58 > .kt-row-layout-overlay{opacity:0.30;}@media all and (max-width: 1024px){.kb-row-layout-id6_018025-58 > .kt-row-column-wrap{grid-template-columns:minmax(0, 1fr);}}@media all and (max-width: 767px){.kb-row-layout-id6_018025-58 > .kt-row-column-wrap{grid-template-columns:minmax(0, 1fr);}}<\/style><div class=\"kb-row-layout-wrap kb-row-layout-id6_018025-58 alignnone wp-block-kadence-rowlayout\"><div class=\"kt-row-column-wrap kt-has-1-columns kt-row-layout-equal kt-tab-layout-inherit kt-mobile-layout-row kt-row-valign-top kb-theme-content-width\">\n<style>.kadence-column6_9f919b-6a > .kt-inside-inner-col{display:flex;}.kadence-column6_9f919b-6a > .kt-inside-inner-col{padding-right:12vw;padding-left:12vw;}.kadence-column6_9f919b-6a > .kt-inside-inner-col,.kadence-column6_9f919b-6a > .kt-inside-inner-col:before{border-top-left-radius:0px;border-top-right-radius:0px;border-bottom-right-radius:0px;border-bottom-left-radius:0px;}.kadence-column6_9f919b-6a > .kt-inside-inner-col{column-gap:var(--global-kb-gap-sm, 1rem);}.kadence-column6_9f919b-6a > .kt-inside-inner-col{flex-direction:column;align-items:center;}.kadence-column6_9f919b-6a > .kt-inside-inner-col > .kb-image-is-ratio-size{align-self:stretch;}.kadence-column6_9f919b-6a > .kt-inside-inner-col > .wp-block-kadence-advancedgallery{align-self:stretch;}.kadence-column6_9f919b-6a > .kt-inside-inner-col > .aligncenter{width:100%;}.kadence-column6_9f919b-6a > .kt-inside-inner-col:before{opacity:0.3;}.kadence-column6_9f919b-6a{position:relative;}@media all and (max-width: 1024px){.kadence-column6_9f919b-6a > .kt-inside-inner-col{flex-direction:column;justify-content:center;align-items:center;}}@media all and (max-width: 767px){.kadence-column6_9f919b-6a > .kt-inside-inner-col{flex-direction:column;justify-content:center;align-items:center;}}<\/style>\n<div class=\"wp-block-kadence-column kadence-column6_9f919b-6a\"><div class=\"kt-inside-inner-col\"><form action=\"https:\/\/agentaya.com\/es\/wp-json\/ws-form\/v1\/submit\" class=\"wsf-form wsf-form-canvas\" id=\"ws-form-1\" data-id=\"7\" method=\"POST\" data-instance-id=\"1\" data-wsf-style-id=\"1\"><\/form>\n<\/div><\/div>\n\n<\/div><\/div><\/div><\/div>","protected":false},"excerpt":{"rendered":"<p>Sobre nosotros AgentAya fue creada para ayudar a las personas a entender el mundo de las herramientas de inteligencia artificial y los agentes de IA, que crece r\u00e1pidamente y a menudo resulta confuso. Cada d\u00eda se lanzan nuevas soluciones innovadoras de IA, pero es dif\u00edcil saber cu\u00e1les realmente funcionan, cu\u00e1les vale la pena pagar y&#8230;<\/p>\n","protected":false},"author":1,"featured_media":0,"parent":0,"menu_order":0,"comment_status":"closed","ping_status":"closed","template":"","meta":{"_acf_changed":false,"_kad_post_transparent":"","_kad_post_title":"hide","_kad_post_layout":"default","_kad_post_sidebar_id":"","_kad_post_content_style":"unboxed","_kad_post_vertical_padding":"show","_kad_post_feature":"","_kad_post_feature_position":"","_kad_post_header":false,"_kad_post_footer":false,"_kad_post_classname":"","footnotes":""},"class_list":["post-135","page","type-page","status-publish","hentry"],"acf":[],"_links":{"self":[{"href":"https:\/\/agentaya.com\/es\/wp-json\/wp\/v2\/pages\/135","targetHints":{"allow":["GET"]}}],"collection":[{"href":"https:\/\/agentaya.com\/es\/wp-json\/wp\/v2\/pages"}],"about":[{"href":"https:\/\/agentaya.com\/es\/wp-json\/wp\/v2\/types\/page"}],"author":[{"embeddable":true,"href":"https:\/\/agentaya.com\/es\/wp-json\/wp\/v2\/users\/1"}],"replies":[{"embeddable":true,"href":"https:\/\/agentaya.com\/es\/wp-json\/wp\/v2\/comments?post=135"}],"version-history":[{"count":64,"href":"https:\/\/agentaya.com\/es\/wp-json\/wp\/v2\/pages\/135\/revisions"}],"predecessor-version":[{"id":3775,"href":"https:\/\/agentaya.com\/es\/wp-json\/wp\/v2\/pages\/135\/revisions\/3775"}],"wp:attachment":[{"href":"https:\/\/agentaya.com\/es\/wp-json\/wp\/v2\/media?parent=135"}],"curies":[{"name":"wp","href":"https:\/\/api.w.org\/{rel}","templated":true}]}}