{"id":137,"date":"2025-08-23T07:05:03","date_gmt":"2025-08-23T07:05:03","guid":{"rendered":"https:\/\/agentaya.com\/?page_id=137"},"modified":"2026-04-09T19:05:52","modified_gmt":"2026-04-09T17:05:52","slug":"contactanos","status":"publish","type":"page","link":"https:\/\/agentaya.com\/es\/contactanos\/","title":{"rendered":"Cont\u00e1ctanos"},"content":{"rendered":"<style>.wp-block-kadence-advancedheading.kt-adv-heading137_3fc2fa-68, .wp-block-kadence-advancedheading.kt-adv-heading137_3fc2fa-68[data-kb-block=\"kb-adv-heading137_3fc2fa-68\"]{text-align:center;font-size:var(--global-kb-font-size-xl, 3rem);font-style:normal;}.wp-block-kadence-advancedheading.kt-adv-heading137_3fc2fa-68 mark.kt-highlight, .wp-block-kadence-advancedheading.kt-adv-heading137_3fc2fa-68[data-kb-block=\"kb-adv-heading137_3fc2fa-68\"] mark.kt-highlight{font-style:normal;color:#f76a0c;-webkit-box-decoration-break:clone;box-decoration-break:clone;padding-top:0px;padding-right:0px;padding-bottom:0px;padding-left:0px;}.wp-block-kadence-advancedheading.kt-adv-heading137_3fc2fa-68 img.kb-inline-image, .wp-block-kadence-advancedheading.kt-adv-heading137_3fc2fa-68[data-kb-block=\"kb-adv-heading137_3fc2fa-68\"] img.kb-inline-image{width:150px;vertical-align:baseline;}<\/style>\n<h1 class=\"kt-adv-heading137_3fc2fa-68 wp-block-kadence-advancedheading\" data-kb-block=\"kb-adv-heading137_3fc2fa-68\"><span class=\"bg-highlight\">Cont\u00e1ctanos<\/span><\/h1>\n\n\n<style>.kb-row-layout-id137_798872-49 > .kt-row-column-wrap{align-content:start;}:where(.kb-row-layout-id137_798872-49 > .kt-row-column-wrap) > .wp-block-kadence-column{justify-content:start;}.kb-row-layout-id137_798872-49 > .kt-row-column-wrap{column-gap:var(--global-kb-gap-md, 2rem);row-gap:var(--global-kb-gap-none, 0rem );max-width:var( --global-content-width, 1290px );padding-left:var(--global-content-edge-padding);padding-right:var(--global-content-edge-padding);padding-top:0px;padding-bottom:var(--global-kb-spacing-sm, 1.5rem);grid-template-columns:minmax(0, 1fr);}.kb-row-layout-id137_798872-49 > .kt-row-layout-overlay{opacity:0.30;}@media all and (max-width: 1024px){.kb-row-layout-id137_798872-49 > .kt-row-column-wrap{grid-template-columns:minmax(0, 1fr);}}@media all and (max-width: 767px){.kb-row-layout-id137_798872-49 > .kt-row-column-wrap{grid-template-columns:minmax(0, 1fr);}}<\/style><div class=\"kb-row-layout-wrap kb-row-layout-id137_798872-49 alignnone wp-block-kadence-rowlayout\"><div class=\"kt-row-column-wrap kt-has-1-columns kt-row-layout-equal kt-tab-layout-inherit kt-mobile-layout-row kt-row-valign-top kt-inner-column-height-full kb-theme-content-width\">\n<style>.kadence-column137_c70bea-6f > .kt-inside-inner-col{display:flex;}.kadence-column137_c70bea-6f > .kt-inside-inner-col{padding-right:12vw;padding-left:12vw;}.kadence-column137_c70bea-6f > .kt-inside-inner-col,.kadence-column137_c70bea-6f > .kt-inside-inner-col:before{border-top-left-radius:0px;border-top-right-radius:0px;border-bottom-right-radius:0px;border-bottom-left-radius:0px;}.kadence-column137_c70bea-6f > .kt-inside-inner-col{column-gap:var(--global-kb-gap-sm, 1rem);}.kadence-column137_c70bea-6f > .kt-inside-inner-col{flex-direction:column;justify-content:flex-start;}.kadence-column137_c70bea-6f > .kt-inside-inner-col > .aligncenter{width:100%;}.kt-row-column-wrap > .kadence-column137_c70bea-6f{align-self:flex-start;}.kt-inner-column-height-full:not(.kt-has-1-columns) > .wp-block-kadence-column.kadence-column137_c70bea-6f{align-self:auto;}.kt-inner-column-height-full:not(.kt-has-1-columns) > .wp-block-kadence-column.kadence-column137_c70bea-6f > .kt-inside-inner-col{flex-direction:column;justify-content:flex-start;}.kadence-column137_c70bea-6f > .kt-inside-inner-col:before{opacity:0.3;}.kadence-column137_c70bea-6f{position:relative;}@media all and (max-width: 1024px){.kt-row-column-wrap > .kadence-column137_c70bea-6f{align-self:flex-start;}}@media all and (max-width: 1024px){.kt-inner-column-height-full:not(.kt-has-1-columns) > .wp-block-kadence-column.kadence-column137_c70bea-6f{align-self:auto;}}@media all and (max-width: 1024px){.kt-inner-column-height-full:not(.kt-has-1-columns) > .wp-block-kadence-column.kadence-column137_c70bea-6f > .kt-inside-inner-col{flex-direction:column;justify-content:flex-start;}}@media all and (max-width: 1024px){.kadence-column137_c70bea-6f > .kt-inside-inner-col{flex-direction:column;justify-content:flex-start;}}@media all and (max-width: 767px){.kt-row-column-wrap > .kadence-column137_c70bea-6f{align-self:flex-start;}.kt-inner-column-height-full:not(.kt-has-1-columns) > .wp-block-kadence-column.kadence-column137_c70bea-6f{align-self:auto;}.kt-inner-column-height-full:not(.kt-has-1-columns) > .wp-block-kadence-column.kadence-column137_c70bea-6f > .kt-inside-inner-col{flex-direction:column;justify-content:flex-start;}.kadence-column137_c70bea-6f > .kt-inside-inner-col{flex-direction:column;justify-content:flex-start;}}<\/style>\n<div class=\"wp-block-kadence-column kadence-column137_c70bea-6f\"><div class=\"kt-inside-inner-col\"><style>.wp-block-kadence-advancedheading.kt-adv-heading137_73b21f-38, .wp-block-kadence-advancedheading.kt-adv-heading137_73b21f-38[data-kb-block=\"kb-adv-heading137_73b21f-38\"]{font-style:normal;}.wp-block-kadence-advancedheading.kt-adv-heading137_73b21f-38 mark.kt-highlight, .wp-block-kadence-advancedheading.kt-adv-heading137_73b21f-38[data-kb-block=\"kb-adv-heading137_73b21f-38\"] mark.kt-highlight{font-style:normal;color:#f76a0c;-webkit-box-decoration-break:clone;box-decoration-break:clone;padding-top:0px;padding-right:0px;padding-bottom:0px;padding-left:0px;}.wp-block-kadence-advancedheading.kt-adv-heading137_73b21f-38 img.kb-inline-image, .wp-block-kadence-advancedheading.kt-adv-heading137_73b21f-38[data-kb-block=\"kb-adv-heading137_73b21f-38\"] img.kb-inline-image{width:150px;vertical-align:baseline;}<\/style>\n<p class=\"kt-adv-heading137_73b21f-38 wp-block-kadence-advancedheading\" data-kb-block=\"kb-adv-heading137_73b21f-38\">Ya seas un profesional en busca de la herramienta de IA adecuada, un socio interesado en colaborar con nosotros o un inversor curioso sobre lo que estamos construyendo, tu mensaje es importante.<br>Rellena el formulario a continuaci\u00f3n y te responderemos lo antes posible. Si lo prefieres, tambi\u00e9n puedes escribirnos directamente a <strong><a>info@agentaya.com<\/a><\/strong>.<br><br>AgentAya a\u00fan est\u00e1 en sus primeros pasos, pero construimos con una visi\u00f3n a largo plazo: hacer que la IA sea m\u00e1s sencilla, clara y accesible para las empresas en todas partes. Gracias por ser parte de este camino.<\/p>\n<\/div><\/div>\n\n<\/div><\/div>\n\n<style>.kb-row-layout-id137_1d2e28-b0 > .kt-row-column-wrap{align-content:start;}:where(.kb-row-layout-id137_1d2e28-b0 > .kt-row-column-wrap) > .wp-block-kadence-column{justify-content:start;}.kb-row-layout-id137_1d2e28-b0 > .kt-row-column-wrap{column-gap:var(--global-kb-gap-md, 2rem);row-gap:var(--global-kb-gap-md, 2rem);max-width:var( --global-content-width, 1290px );padding-left:var(--global-content-edge-padding);padding-right:var(--global-content-edge-padding);padding-top:var(--global-kb-spacing-sm, 1.5rem);padding-bottom:var(--global-kb-spacing-sm, 1.5rem);grid-template-columns:minmax(0, 1fr);}.kb-row-layout-id137_1d2e28-b0 > .kt-row-layout-overlay{opacity:0.30;}@media all and (max-width: 1024px){.kb-row-layout-id137_1d2e28-b0 > .kt-row-column-wrap{grid-template-columns:minmax(0, 1fr);}}@media all and (max-width: 767px){.kb-row-layout-id137_1d2e28-b0 > .kt-row-column-wrap{grid-template-columns:minmax(0, 1fr);}}<\/style><div class=\"kb-row-layout-wrap kb-row-layout-id137_1d2e28-b0 alignnone wp-block-kadence-rowlayout\"><div class=\"kt-row-column-wrap kt-has-1-columns kt-row-layout-equal kt-tab-layout-inherit kt-mobile-layout-row kt-row-valign-top kb-theme-content-width\">\n<style>.kadence-column137_0a3b77-8d > .kt-inside-inner-col{padding-right:12vw;padding-left:12vw;}.kadence-column137_0a3b77-8d > .kt-inside-inner-col,.kadence-column137_0a3b77-8d > .kt-inside-inner-col:before{border-top-left-radius:0px;border-top-right-radius:0px;border-bottom-right-radius:0px;border-bottom-left-radius:0px;}.kadence-column137_0a3b77-8d > .kt-inside-inner-col{column-gap:var(--global-kb-gap-sm, 1rem);}.kadence-column137_0a3b77-8d > .kt-inside-inner-col{flex-direction:column;}.kadence-column137_0a3b77-8d > .kt-inside-inner-col > .aligncenter{width:100%;}.kadence-column137_0a3b77-8d > .kt-inside-inner-col:before{opacity:0.3;}.kadence-column137_0a3b77-8d{position:relative;}@media all and (max-width: 1024px){.kadence-column137_0a3b77-8d > .kt-inside-inner-col{flex-direction:column;justify-content:center;}}@media all and (max-width: 767px){.kadence-column137_0a3b77-8d > .kt-inside-inner-col{flex-direction:column;justify-content:center;}}<\/style>\n<div class=\"wp-block-kadence-column kadence-column137_0a3b77-8d\"><div class=\"kt-inside-inner-col\"><form action=\"https:\/\/agentaya.com\/es\/wp-json\/ws-form\/v1\/submit\" class=\"wsf-form wsf-form-canvas\" id=\"ws-form-1\" data-id=\"4\" method=\"POST\" data-instance-id=\"1\" data-wsf-style-id=\"1\"><\/form>\n<\/div><\/div>\n\n<\/div><\/div>","protected":false},"excerpt":{"rendered":"<p>Cont\u00e1ctanos Ya seas un profesional en busca de la herramienta de IA adecuada, un socio interesado en colaborar con nosotros o un inversor curioso sobre lo que estamos construyendo, tu mensaje es importante.Rellena el formulario a continuaci\u00f3n y te responderemos lo antes posible. Si lo prefieres, tambi\u00e9n puedes escribirnos directamente a info@agentaya.com. AgentAya a\u00fan est\u00e1&#8230;<\/p>\n","protected":false},"author":1,"featured_media":0,"parent":0,"menu_order":0,"comment_status":"closed","ping_status":"closed","template":"","meta":{"_acf_changed":false,"_kad_post_transparent":"","_kad_post_title":"hide","_kad_post_layout":"","_kad_post_sidebar_id":"","_kad_post_content_style":"unboxed","_kad_post_vertical_padding":"show","_kad_post_feature":"","_kad_post_feature_position":"","_kad_post_header":false,"_kad_post_footer":false,"_kad_post_classname":"","footnotes":""},"class_list":["post-137","page","type-page","status-publish","hentry"],"acf":[],"_links":{"self":[{"href":"https:\/\/agentaya.com\/es\/wp-json\/wp\/v2\/pages\/137","targetHints":{"allow":["GET"]}}],"collection":[{"href":"https:\/\/agentaya.com\/es\/wp-json\/wp\/v2\/pages"}],"about":[{"href":"https:\/\/agentaya.com\/es\/wp-json\/wp\/v2\/types\/page"}],"author":[{"embeddable":true,"href":"https:\/\/agentaya.com\/es\/wp-json\/wp\/v2\/users\/1"}],"replies":[{"embeddable":true,"href":"https:\/\/agentaya.com\/es\/wp-json\/wp\/v2\/comments?post=137"}],"version-history":[{"count":53,"href":"https:\/\/agentaya.com\/es\/wp-json\/wp\/v2\/pages\/137\/revisions"}],"predecessor-version":[{"id":3353,"href":"https:\/\/agentaya.com\/es\/wp-json\/wp\/v2\/pages\/137\/revisions\/3353"}],"wp:attachment":[{"href":"https:\/\/agentaya.com\/es\/wp-json\/wp\/v2\/media?parent=137"}],"curies":[{"name":"wp","href":"https:\/\/api.w.org\/{rel}","templated":true}]}}