{"id":152,"date":"2025-08-23T14:20:54","date_gmt":"2025-08-23T14:20:54","guid":{"rendered":"https:\/\/agentaya.com\/?page_id=152"},"modified":"2026-01-12T18:05:08","modified_gmt":"2026-01-12T16:05:08","slug":"terminos-y-condiciones","status":"publish","type":"page","link":"https:\/\/agentaya.com\/es\/terminos-y-condiciones\/","title":{"rendered":"T\u00e9rminos y Condiciones"},"content":{"rendered":"<style>.wp-block-kadence-advancedheading.kt-adv-heading152_5eca8a-84, .wp-block-kadence-advancedheading.kt-adv-heading152_5eca8a-84[data-kb-block=\"kb-adv-heading152_5eca8a-84\"]{text-align:center;font-size:var(--global-kb-font-size-xl, 3rem);font-style:normal;}.wp-block-kadence-advancedheading.kt-adv-heading152_5eca8a-84 mark.kt-highlight, .wp-block-kadence-advancedheading.kt-adv-heading152_5eca8a-84[data-kb-block=\"kb-adv-heading152_5eca8a-84\"] mark.kt-highlight{font-style:normal;color:#f76a0c;-webkit-box-decoration-break:clone;box-decoration-break:clone;padding-top:0px;padding-right:0px;padding-bottom:0px;padding-left:0px;}.wp-block-kadence-advancedheading.kt-adv-heading152_5eca8a-84 img.kb-inline-image, .wp-block-kadence-advancedheading.kt-adv-heading152_5eca8a-84[data-kb-block=\"kb-adv-heading152_5eca8a-84\"] img.kb-inline-image{width:150px;vertical-align:baseline;}<\/style>\n<h1 class=\"kt-adv-heading152_5eca8a-84 wp-block-kadence-advancedheading\" data-kb-block=\"kb-adv-heading152_5eca8a-84\"><span class=\"bg-highlight\">T\u00e9rminos y Condiciones<\/span><\/h1>\n\n\n<style>.kb-row-layout-id152_ed407f-5e > .kt-row-column-wrap{align-content:start;}:where(.kb-row-layout-id152_ed407f-5e > .kt-row-column-wrap) > .wp-block-kadence-column{justify-content:start;}.kb-row-layout-id152_ed407f-5e > .kt-row-column-wrap{column-gap:var(--global-kb-gap-md, 2rem);row-gap:var(--global-kb-gap-md, 2rem);max-width:var( --global-content-width, 1290px );padding-left:var(--global-content-edge-padding);padding-right:var(--global-content-edge-padding);padding-top:var(--global-kb-spacing-sm, 1.5rem);padding-bottom:var(--global-kb-spacing-sm, 1.5rem);grid-template-columns:minmax(0, 1fr);}.kb-row-layout-id152_ed407f-5e > .kt-row-layout-overlay{opacity:0.30;}@media all and (max-width: 1024px){.kb-row-layout-id152_ed407f-5e > .kt-row-column-wrap{grid-template-columns:minmax(0, 1fr);}}@media all and (max-width: 767px){.kb-row-layout-id152_ed407f-5e > .kt-row-column-wrap{grid-template-columns:minmax(0, 1fr);}}<\/style><div class=\"kb-row-layout-wrap kb-row-layout-id152_ed407f-5e alignnone wp-block-kadence-rowlayout\"><div class=\"kt-row-column-wrap kt-has-1-columns kt-row-layout-equal kt-tab-layout-inherit kt-mobile-layout-row kt-row-valign-top kb-theme-content-width\">\n<style>.kadence-column152_e01e0f-b7 > .kt-inside-inner-col{padding-right:12vw;padding-left:12vw;}.kadence-column152_e01e0f-b7 > .kt-inside-inner-col,.kadence-column152_e01e0f-b7 > .kt-inside-inner-col:before{border-top-left-radius:0px;border-top-right-radius:0px;border-bottom-right-radius:0px;border-bottom-left-radius:0px;}.kadence-column152_e01e0f-b7 > .kt-inside-inner-col{column-gap:var(--global-kb-gap-sm, 1rem);}.kadence-column152_e01e0f-b7 > .kt-inside-inner-col{flex-direction:column;}.kadence-column152_e01e0f-b7 > .kt-inside-inner-col > .aligncenter{width:100%;}.kadence-column152_e01e0f-b7 > .kt-inside-inner-col:before{opacity:0.3;}.kadence-column152_e01e0f-b7{position:relative;}@media all and (max-width: 1024px){.kadence-column152_e01e0f-b7 > .kt-inside-inner-col{flex-direction:column;justify-content:center;}}@media all and (max-width: 767px){.kadence-column152_e01e0f-b7 > .kt-inside-inner-col{flex-direction:column;justify-content:center;}}<\/style>\n<div class=\"wp-block-kadence-column kadence-column152_e01e0f-b7\"><div class=\"kt-inside-inner-col\">\n<p><strong>Fecha de vigencia:<\/strong> 22 de julio de 2025<\/p>\n\n\n\n<p>Estos t\u00e9rminos rigen el uso del sitio web de AgentAya. Al utilizar este sitio web, acepta lo siguiente:<\/p>\n\n\n\n<h2 class=\"wp-block-heading\"><span class=\"ez-toc-section\" id=\"1_Proposito_del_Sitio\"><\/span><strong>1. Prop\u00f3sito del Sitio<\/strong><span class=\"ez-toc-section-end\"><\/span><\/h2>\n\n\n\n<p>AgentAya es una plataforma de contenido independiente que rese\u00f1a y compara herramientas de inteligencia artificial para usuarios empresariales. Proporcionamos opiniones, clasificaciones y an\u00e1lisis escritos para ayudar a los usuarios a tomar decisiones informadas.<\/p>\n\n\n\n<p>Algunos enlaces en el sitio son enlaces de afiliados, lo que significa que podemos recibir una comisi\u00f3n si decide comprar un producto o servicio despu\u00e9s de hacer clic. Esto no influye en nuestro contenido editorial o recomendaciones.<\/p>\n\n\n\n<h2 class=\"wp-block-heading\"><span class=\"ez-toc-section\" id=\"2_Sin_Garantias\"><\/span><strong>2. Sin Garant\u00edas<\/strong><span class=\"ez-toc-section-end\"><\/span><\/h2>\n\n\n\n<p>Aunque nos esforzamos por mantener el contenido preciso y actualizado, no ofrecemos garant\u00edas de que:<\/p>\n\n\n\n<ul class=\"wp-block-list\">\n<li>Nuestras rese\u00f1as sean completas o libres de errores<\/li>\n\n\n\n<li>Las herramientas mencionadas cumplir\u00e1n con sus expectativas o funcionar\u00e1n como se anuncia<\/li>\n\n\n\n<li>La informaci\u00f3n sea adecuada para sus necesidades empresariales espec\u00edficas<\/li>\n<\/ul>\n\n\n\n<p>Utiliza las herramientas que mencionamos bajo su propio riesgo. Recomendamos encarecidamente realizar su propia investigaci\u00f3n antes de tomar decisiones.<\/p>\n\n\n\n<h2 class=\"wp-block-heading\"><span class=\"ez-toc-section\" id=\"3_Divulgacion_de_Afiliados\"><\/span><strong>3. Divulgaci\u00f3n de Afiliados<\/strong><span class=\"ez-toc-section-end\"><\/span><\/h2>\n\n\n\n<p>Algunos enlaces en nuestro sitio son enlaces de afiliados. Si hace clic en ellos y realiza una compra o suscripci\u00f3n, podemos recibir una comisi\u00f3n, pero sin costo adicional para usted.<\/p>\n\n\n\n<p>Los enlaces de afiliados no afectan nuestras opiniones o clasificaciones.<\/p>\n\n\n\n<h2 class=\"wp-block-heading\"><span class=\"ez-toc-section\" id=\"4_Limitacion_de_Responsabilidad\"><\/span><strong>4. Limitaci\u00f3n de Responsabilidad<\/strong><span class=\"ez-toc-section-end\"><\/span><\/h2>\n\n\n\n<p>No somos responsables de:<\/p>\n\n\n\n<ul class=\"wp-block-list\">\n<li>P\u00e9rdidas, da\u00f1os o interrupciones causadas por herramientas o servicios que mencionamos<\/li>\n\n\n\n<li>Consecuencias empresariales por confiar en nuestras rese\u00f1as o contenido<\/li>\n\n\n\n<li>Problemas t\u00e9cnicos, retrasos o tiempo de inactividad del sitio AgentAya<\/li>\n<\/ul>\n\n\n\n<p>En la medida permitida por la ley, nuestra responsabilidad queda excluida por completo.<\/p>\n\n\n\n<h2 class=\"wp-block-heading\"><span class=\"ez-toc-section\" id=\"5_Propiedad_Intelectual\"><\/span><strong>5. Propiedad Intelectual<\/strong><span class=\"ez-toc-section-end\"><\/span><\/h2>\n\n\n\n<p>Todo el contenido escrito, im\u00e1genes y dise\u00f1os en AgentAya son de nuestra propiedad o se utilizan con permiso. No puede copiar, reproducir o republicar nuestro contenido sin consentimiento por escrito.<\/p>\n\n\n\n<h2 class=\"wp-block-heading\"><span class=\"ez-toc-section\" id=\"6_Cambios\"><\/span><strong>6. Cambios<\/strong><span class=\"ez-toc-section-end\"><\/span><\/h2>\n\n\n\n<p>Podemos actualizar estos T\u00e9rminos ocasionalmente. Cualquier cambio se publicar\u00e1 aqu\u00ed. El uso continuado del sitio despu\u00e9s de los cambios significa que acepta los t\u00e9rminos revisados.<\/p>\n\n\n\n<h2 class=\"wp-block-heading\"><span class=\"ez-toc-section\" id=\"7_Contacto\"><\/span><strong>7. Contacto<\/strong><span class=\"ez-toc-section-end\"><\/span><\/h2>\n\n\n\n<p>Para preguntas sobre estos T\u00e9rminos, env\u00ede un correo electr\u00f3nico a: <a href=\"mailto:info@agentaya.com\">info@agentaya.com<\/a><\/p>\n<\/div><\/div>\n\n<\/div><\/div>","protected":false},"excerpt":{"rendered":"<p>T\u00e9rminos y Condiciones Fecha de vigencia: 22 de julio de 2025 Estos t\u00e9rminos rigen el uso del sitio web de AgentAya. Al utilizar este sitio web, acepta lo siguiente: 1. Prop\u00f3sito del Sitio AgentAya es una plataforma de contenido independiente que rese\u00f1a y compara herramientas de inteligencia artificial para usuarios empresariales. Proporcionamos opiniones, clasificaciones y&#8230;<\/p>\n","protected":false},"author":1,"featured_media":0,"parent":0,"menu_order":0,"comment_status":"closed","ping_status":"closed","template":"","meta":{"_acf_changed":false,"_kad_post_transparent":"","_kad_post_title":"hide","_kad_post_layout":"","_kad_post_sidebar_id":"","_kad_post_content_style":"","_kad_post_vertical_padding":"","_kad_post_feature":"","_kad_post_feature_position":"","_kad_post_header":false,"_kad_post_footer":false,"_kad_post_classname":"","footnotes":""},"class_list":["post-152","page","type-page","status-publish","hentry"],"acf":[],"_links":{"self":[{"href":"https:\/\/agentaya.com\/es\/wp-json\/wp\/v2\/pages\/152","targetHints":{"allow":["GET"]}}],"collection":[{"href":"https:\/\/agentaya.com\/es\/wp-json\/wp\/v2\/pages"}],"about":[{"href":"https:\/\/agentaya.com\/es\/wp-json\/wp\/v2\/types\/page"}],"author":[{"embeddable":true,"href":"https:\/\/agentaya.com\/es\/wp-json\/wp\/v2\/users\/1"}],"replies":[{"embeddable":true,"href":"https:\/\/agentaya.com\/es\/wp-json\/wp\/v2\/comments?post=152"}],"version-history":[{"count":13,"href":"https:\/\/agentaya.com\/es\/wp-json\/wp\/v2\/pages\/152\/revisions"}],"predecessor-version":[{"id":3341,"href":"https:\/\/agentaya.com\/es\/wp-json\/wp\/v2\/pages\/152\/revisions\/3341"}],"wp:attachment":[{"href":"https:\/\/agentaya.com\/es\/wp-json\/wp\/v2\/media?parent=152"}],"curies":[{"name":"wp","href":"https:\/\/api.w.org\/{rel}","templated":true}]}}