{"id":3,"date":"2025-08-20T16:16:07","date_gmt":"2025-08-20T16:16:07","guid":{"rendered":"https:\/\/agentaya.com\/?page_id=3"},"modified":"2026-01-12T18:09:59","modified_gmt":"2026-01-12T16:09:59","slug":"politica-de-privacidad","status":"publish","type":"page","link":"https:\/\/agentaya.com\/es\/politica-de-privacidad\/","title":{"rendered":"Pol\u00edtica de Privacidad"},"content":{"rendered":"<style>.wp-block-kadence-advancedheading.kt-adv-heading3_ce9544-37, .wp-block-kadence-advancedheading.kt-adv-heading3_ce9544-37[data-kb-block=\"kb-adv-heading3_ce9544-37\"]{text-align:center;font-size:var(--global-kb-font-size-xl, 3rem);font-style:normal;}.wp-block-kadence-advancedheading.kt-adv-heading3_ce9544-37 mark.kt-highlight, .wp-block-kadence-advancedheading.kt-adv-heading3_ce9544-37[data-kb-block=\"kb-adv-heading3_ce9544-37\"] mark.kt-highlight{font-style:normal;color:#f76a0c;-webkit-box-decoration-break:clone;box-decoration-break:clone;padding-top:0px;padding-right:0px;padding-bottom:0px;padding-left:0px;}.wp-block-kadence-advancedheading.kt-adv-heading3_ce9544-37 img.kb-inline-image, .wp-block-kadence-advancedheading.kt-adv-heading3_ce9544-37[data-kb-block=\"kb-adv-heading3_ce9544-37\"] img.kb-inline-image{width:150px;vertical-align:baseline;}<\/style>\n<h1 class=\"kt-adv-heading3_ce9544-37 wp-block-kadence-advancedheading\" data-kb-block=\"kb-adv-heading3_ce9544-37\"><span class=\"bg-highlight\">Pol\u00edtica de Privacidad<\/span><\/h1>\n\n\n<style>.kb-row-layout-id3_7c76d0-09 > .kt-row-column-wrap{align-content:start;}:where(.kb-row-layout-id3_7c76d0-09 > .kt-row-column-wrap) > .wp-block-kadence-column{justify-content:start;}.kb-row-layout-id3_7c76d0-09 > .kt-row-column-wrap{column-gap:var(--global-kb-gap-md, 2rem);row-gap:var(--global-kb-gap-md, 2rem);max-width:var( --global-content-width, 1290px );padding-left:var(--global-content-edge-padding);padding-right:var(--global-content-edge-padding);padding-top:var(--global-kb-spacing-sm, 1.5rem);padding-bottom:var(--global-kb-spacing-sm, 1.5rem);grid-template-columns:minmax(0, 1fr);}.kb-row-layout-id3_7c76d0-09 > .kt-row-layout-overlay{opacity:0.30;}@media all and (max-width: 1024px){.kb-row-layout-id3_7c76d0-09 > .kt-row-column-wrap{grid-template-columns:minmax(0, 1fr);}}@media all and (max-width: 767px){.kb-row-layout-id3_7c76d0-09 > .kt-row-column-wrap{grid-template-columns:minmax(0, 1fr);}}<\/style><div class=\"kb-row-layout-wrap kb-row-layout-id3_7c76d0-09 alignnone wp-block-kadence-rowlayout\"><div class=\"kt-row-column-wrap kt-has-1-columns kt-row-layout-equal kt-tab-layout-inherit kt-mobile-layout-row kt-row-valign-top kb-theme-content-width\">\n<style>.kadence-column3_23b982-cb > .kt-inside-inner-col{padding-right:12vw;padding-left:12vw;}.kadence-column3_23b982-cb > .kt-inside-inner-col,.kadence-column3_23b982-cb > .kt-inside-inner-col:before{border-top-left-radius:0px;border-top-right-radius:0px;border-bottom-right-radius:0px;border-bottom-left-radius:0px;}.kadence-column3_23b982-cb > .kt-inside-inner-col{column-gap:var(--global-kb-gap-sm, 1rem);}.kadence-column3_23b982-cb > .kt-inside-inner-col{flex-direction:column;}.kadence-column3_23b982-cb > .kt-inside-inner-col > .aligncenter{width:100%;}.kadence-column3_23b982-cb > .kt-inside-inner-col:before{opacity:0.3;}.kadence-column3_23b982-cb{position:relative;}@media all and (max-width: 1024px){.kadence-column3_23b982-cb > .kt-inside-inner-col{flex-direction:column;justify-content:center;}}@media all and (max-width: 767px){.kadence-column3_23b982-cb > .kt-inside-inner-col{flex-direction:column;justify-content:center;}}<\/style>\n<div class=\"wp-block-kadence-column kadence-column3_23b982-cb\"><div class=\"kt-inside-inner-col\">\n<p><strong>Fecha de vigencia:<\/strong> 22 de julio de 2025<\/p>\n\n\n\n<p>AgentAya (&#8220;nosotros&#8221;, &#8220;nuestro&#8221; o &#8220;nos&#8221;) respeta su privacidad y se compromete a proteger su informaci\u00f3n personal. Esta Pol\u00edtica de Privacidad explica qu\u00e9 datos recopilamos, c\u00f3mo los utilizamos y cu\u00e1les son sus derechos.<\/p>\n\n\n\n<h2 class=\"wp-block-heading\"><span class=\"ez-toc-section\" id=\"1_Quienes_Somos\"><\/span><strong>1. Qui\u00e9nes Somos<\/strong><span class=\"ez-toc-section-end\"><\/span><\/h2>\n\n\n\n<p>AgentAya es un sitio web independiente de rese\u00f1as y comparaci\u00f3n enfocado en herramientas de inteligencia artificial para peque\u00f1as y medianas empresas. Operamos de forma remota desde varios pa\u00edses.<\/p>\n\n\n\n<h2 class=\"wp-block-heading\"><span class=\"ez-toc-section\" id=\"2_Que_Informacion_Recopilamos\"><\/span><strong>2. Qu\u00e9 Informaci\u00f3n Recopilamos<\/strong><span class=\"ez-toc-section-end\"><\/span><\/h2>\n\n\n\n<p>Recopilamos datos m\u00ednimos. En la mayor\u00eda de los casos, puede utilizar nuestro sitio sin proporcionar informaci\u00f3n personal.<\/p>\n\n\n\n<p>Podemos recopilar:<\/p>\n\n\n\n<p><strong>Datos t\u00e9cnicos:<\/strong> Direcci\u00f3n IP, tipo de navegador, tipo de dispositivo, p\u00e1ginas visitadas (a trav\u00e9s de cookies o herramientas de an\u00e1lisis).<\/p>\n\n\n\n<p><strong>Datos voluntarios:<\/strong> Si nos contacta directamente (por ejemplo, por correo electr\u00f3nico o formulario de contacto), recopilamos cualquier informaci\u00f3n personal que nos proporcione.<\/p>\n\n\n\n<p>No recopilamos intencionalmente datos personales de menores de edad.<\/p>\n\n\n\n<h2 class=\"wp-block-heading\"><span class=\"ez-toc-section\" id=\"3_Como_Utilizamos_Sus_Datos\"><\/span><strong>3. C\u00f3mo Utilizamos Sus Datos<\/strong><span class=\"ez-toc-section-end\"><\/span><\/h2>\n\n\n\n<p>Utilizamos sus datos para:<\/p>\n\n\n\n<ul class=\"wp-block-list\">\n<li>Entender c\u00f3mo se utiliza nuestro sitio web<\/li>\n\n\n\n<li>Mejorar nuestro contenido y rendimiento<\/li>\n\n\n\n<li>Responder a los mensajes que nos env\u00eda<\/li>\n<\/ul>\n\n\n\n<p>No vendemos sus datos. No utilizamos sus datos para marketing no solicitado.<\/p>\n\n\n\n<h2 class=\"wp-block-heading\"><span class=\"ez-toc-section\" id=\"4_Cookies_y_Analisis\"><\/span><strong>4. Cookies y An\u00e1lisis<\/strong><span class=\"ez-toc-section-end\"><\/span><\/h2>\n\n\n\n<p>Utilizamos herramientas b\u00e1sicas de an\u00e1lisis para rastrear el tr\u00e1fico y mejorar nuestro sitio. Estas pueden utilizar cookies o tecnolog\u00edas similares. Puede gestionar o bloquear las cookies a trav\u00e9s de la configuraci\u00f3n de su navegador.<\/p>\n\n\n\n<h2 class=\"wp-block-heading\"><span class=\"ez-toc-section\" id=\"5_Enlaces_a_Terceros\"><\/span><strong>5. Enlaces a Terceros<\/strong><span class=\"ez-toc-section-end\"><\/span><\/h2>\n\n\n\n<p>Nuestro sitio web contiene enlaces de afiliados a herramientas y servicios de terceros. No somos responsables de c\u00f3mo esos sitios recopilan o utilizan sus datos. Por favor, revise sus pol\u00edticas de privacidad directamente.<\/p>\n\n\n\n<h2 class=\"wp-block-heading\"><span class=\"ez-toc-section\" id=\"6_Sus_Derechos_GDPR_y_Consideraciones_Globales\"><\/span><strong>6. Sus Derechos (GDPR y Consideraciones Globales)<\/strong><span class=\"ez-toc-section-end\"><\/span><\/h2>\n\n\n\n<p>Si se encuentra en el Reino Unido, la Uni\u00f3n Europea u otras regiones con leyes de protecci\u00f3n de datos, puede tener derecho a:<\/p>\n\n\n\n<ul class=\"wp-block-list\">\n<li>Solicitar acceso a sus datos<\/li>\n\n\n\n<li>Solicitar correcci\u00f3n o eliminaci\u00f3n<\/li>\n\n\n\n<li>Oponerse a ciertos usos de sus datos<\/li>\n<\/ul>\n\n\n\n<p>Para ejercer cualquier derecho, p\u00f3ngase en contacto con nosotros en info@agentaya.com.<\/p>\n\n\n\n<h2 class=\"wp-block-heading\"><span class=\"ez-toc-section\" id=\"7_Almacenamiento_de_Datos\"><\/span><strong>7. Almacenamiento de Datos<\/strong><span class=\"ez-toc-section-end\"><\/span><\/h2>\n\n\n\n<p>Almacenamos cualquier informaci\u00f3n personal m\u00ednima de forma segura y solo durante el tiempo necesario para el prop\u00f3sito por el cual fue recopilada.<\/p>\n\n\n\n<h2 class=\"wp-block-heading\"><span class=\"ez-toc-section\" id=\"8_Contacto\"><\/span><strong>8. Contacto<\/strong><span class=\"ez-toc-section-end\"><\/span><\/h2>\n\n\n\n<p>Si tiene preguntas sobre esta Pol\u00edtica de Privacidad o sus datos, puede contactarnos en: <a href=\"mailto:info@agentaya.com\">info@agentaya.com<\/a><\/p>\n<\/div><\/div>\n\n<\/div><\/div>","protected":false},"excerpt":{"rendered":"<p>Pol\u00edtica de Privacidad Fecha de vigencia: 22 de julio de 2025 AgentAya (&#8220;nosotros&#8221;, &#8220;nuestro&#8221; o &#8220;nos&#8221;) respeta su privacidad y se compromete a proteger su informaci\u00f3n personal. Esta Pol\u00edtica de Privacidad explica qu\u00e9 datos recopilamos, c\u00f3mo los utilizamos y cu\u00e1les son sus derechos. 1. Qui\u00e9nes Somos AgentAya es un sitio web independiente de rese\u00f1as y&#8230;<\/p>\n","protected":false},"author":1,"featured_media":0,"parent":0,"menu_order":0,"comment_status":"closed","ping_status":"closed","template":"","meta":{"_acf_changed":false,"_kad_post_transparent":"","_kad_post_title":"hide","_kad_post_layout":"","_kad_post_sidebar_id":"","_kad_post_content_style":"","_kad_post_vertical_padding":"","_kad_post_feature":"","_kad_post_feature_position":"","_kad_post_header":false,"_kad_post_footer":false,"_kad_post_classname":"","footnotes":""},"class_list":["post-3","page","type-page","status-publish","hentry"],"acf":[],"_links":{"self":[{"href":"https:\/\/agentaya.com\/es\/wp-json\/wp\/v2\/pages\/3","targetHints":{"allow":["GET"]}}],"collection":[{"href":"https:\/\/agentaya.com\/es\/wp-json\/wp\/v2\/pages"}],"about":[{"href":"https:\/\/agentaya.com\/es\/wp-json\/wp\/v2\/types\/page"}],"author":[{"embeddable":true,"href":"https:\/\/agentaya.com\/es\/wp-json\/wp\/v2\/users\/1"}],"replies":[{"embeddable":true,"href":"https:\/\/agentaya.com\/es\/wp-json\/wp\/v2\/comments?post=3"}],"version-history":[{"count":14,"href":"https:\/\/agentaya.com\/es\/wp-json\/wp\/v2\/pages\/3\/revisions"}],"predecessor-version":[{"id":3347,"href":"https:\/\/agentaya.com\/es\/wp-json\/wp\/v2\/pages\/3\/revisions\/3347"}],"wp:attachment":[{"href":"https:\/\/agentaya.com\/es\/wp-json\/wp\/v2\/media?parent=3"}],"curies":[{"name":"wp","href":"https:\/\/api.w.org\/{rel}","templated":true}]}}