{"id":135,"date":"2025-08-23T07:04:52","date_gmt":"2025-08-23T07:04:52","guid":{"rendered":"https:\/\/agentaya.com\/?page_id=135"},"modified":"2026-01-21T16:57:13","modified_gmt":"2026-01-21T14:57:13","slug":"a-propos","status":"publish","type":"page","link":"https:\/\/agentaya.com\/fr\/a-propos\/","title":{"rendered":"\u00c0 propos"},"content":{"rendered":"<style>.wp-block-kadence-advancedheading.kt-adv-heading135_50704d-a0, .wp-block-kadence-advancedheading.kt-adv-heading135_50704d-a0[data-kb-block=\"kb-adv-heading135_50704d-a0\"]{text-align:center;font-size:var(--global-kb-font-size-xl, 3rem);font-style:normal;}.wp-block-kadence-advancedheading.kt-adv-heading135_50704d-a0 mark.kt-highlight, .wp-block-kadence-advancedheading.kt-adv-heading135_50704d-a0[data-kb-block=\"kb-adv-heading135_50704d-a0\"] mark.kt-highlight{font-style:normal;color:#f76a0c;-webkit-box-decoration-break:clone;box-decoration-break:clone;padding-top:0px;padding-right:0px;padding-bottom:0px;padding-left:0px;}.wp-block-kadence-advancedheading.kt-adv-heading135_50704d-a0 img.kb-inline-image, .wp-block-kadence-advancedheading.kt-adv-heading135_50704d-a0[data-kb-block=\"kb-adv-heading135_50704d-a0\"] img.kb-inline-image{width:150px;vertical-align:baseline;}<\/style>\n<h1 class=\"kt-adv-heading135_50704d-a0 wp-block-kadence-advancedheading\" data-kb-block=\"kb-adv-heading135_50704d-a0\"><span class=\"bg-highlight\">\u00c0 propos<\/span><\/h1>\n\n\n<style>.kb-row-layout-id135_93151f-ec > .kt-row-column-wrap{align-content:start;}:where(.kb-row-layout-id135_93151f-ec > .kt-row-column-wrap) > .wp-block-kadence-column{justify-content:start;}.kb-row-layout-id135_93151f-ec > .kt-row-column-wrap{column-gap:var(--global-kb-gap-md, 2rem);row-gap:var(--global-kb-gap-md, 2rem);max-width:var( --global-content-width, 1290px );padding-left:var(--global-content-edge-padding);padding-right:var(--global-content-edge-padding);padding-top:var(--global-kb-spacing-sm, 1.5rem);padding-right:var(--global-kb-spacing-md, 2rem);padding-bottom:var(--global-kb-spacing-sm, 1.5rem);padding-left:var(--global-kb-spacing-md, 2rem);grid-template-columns:minmax(0, 1fr);}.kb-row-layout-id135_93151f-ec > .kt-row-layout-overlay{opacity:0.30;}@media all and (max-width: 1024px){.kb-row-layout-id135_93151f-ec > .kt-row-column-wrap{grid-template-columns:minmax(0, 1fr);}}@media all and (max-width: 767px){.kb-row-layout-id135_93151f-ec > .kt-row-column-wrap{grid-template-columns:minmax(0, 1fr);}}<\/style><div class=\"kb-row-layout-wrap kb-row-layout-id135_93151f-ec alignnone wp-block-kadence-rowlayout\"><div class=\"kt-row-column-wrap kt-has-1-columns kt-row-layout-equal kt-tab-layout-inherit kt-mobile-layout-row kt-row-valign-top kb-theme-content-width\">\n<style>.kadence-column135_f182a7-22 > .kt-inside-inner-col{padding-right:12vw;padding-left:12vw;}.kadence-column135_f182a7-22 > .kt-inside-inner-col,.kadence-column135_f182a7-22 > .kt-inside-inner-col:before{border-top-left-radius:0px;border-top-right-radius:0px;border-bottom-right-radius:0px;border-bottom-left-radius:0px;}.kadence-column135_f182a7-22 > .kt-inside-inner-col{column-gap:var(--global-kb-gap-sm, 1rem);}.kadence-column135_f182a7-22 > .kt-inside-inner-col{flex-direction:column;}.kadence-column135_f182a7-22 > .kt-inside-inner-col > .aligncenter{width:100%;}.kadence-column135_f182a7-22 > .kt-inside-inner-col:before{opacity:0.3;}.kadence-column135_f182a7-22{position:relative;}@media all and (max-width: 1024px){.kadence-column135_f182a7-22 > .kt-inside-inner-col{flex-direction:column;justify-content:center;}}@media all and (max-width: 767px){.kadence-column135_f182a7-22 > .kt-inside-inner-col{flex-direction:column;justify-content:center;}}<\/style>\n<div class=\"wp-block-kadence-column kadence-column135_f182a7-22\"><div class=\"kt-inside-inner-col\">\n<p><a href=\"https:\/\/agentaya.com\/fr\/\" data-type=\"page\" data-id=\"6\">AgentAya<\/a> a \u00e9t\u00e9 cr\u00e9\u00e9 pour aider les professionnels \u00e0 comprendre le monde en croissance rapide et souvent d\u00e9routant des <a href=\"https:\/\/agentaya.com\/fr\/outils\/\" data-type=\"page\" data-id=\"109\">outils IA et des agents IA<\/a>. De nouvelles solutions IA innovantes sont lanc\u00e9es chaque jour, mais il est difficile de savoir lesquelles fonctionnent r\u00e9ellement, lesquelles valent la peine d&#8217;\u00eatre pay\u00e9es et lesquelles conviennent \u00e0 votre entreprise.<\/p>\n\n\n\n<p>Nous avons constat\u00e9 qu&#8217;il existait un v\u00e9ritable vide sur le march\u00e9. Alors que des secteurs comme le voyage, l&#8217;assurance ou l&#8217;e-commerce disposent d\u00e9j\u00e0 de plateformes claires qui aident les gens \u00e0 prendre des d\u00e9cisions \u00e9clair\u00e9es, l&#8217;univers de l&#8217;IA reste fragment\u00e9 et difficile \u00e0 naviguer. Le bruit, l&#8217;engouement et le marketing rendent encore plus difficile l&#8217;identification de ce qui apporte r\u00e9ellement de la valeur.<\/p>\n\n\n\n<p>AgentAya aide les petites et moyennes entreprises \u00e0 faire le tri et \u00e0 trouver des outils pratiques, utiles et fiables. Notre \u00e9quipe examine et compare les agents IA manuellement, en se concentrant sur ce qui compte vraiment pour les utilisateurs r\u00e9els.<\/p>\n\n\n\n<p>Nous nous concentrons sur l&#8217;utilisabilit\u00e9, la tarification, la transparence, la performance et l&#8217;ad\u00e9quation. Pas sur les mots \u00e0 la mode ou les promotions payantes.<\/p>\n\n\n\n<p>Nous nous engageons \u00e9galement \u00e0 servir les march\u00e9s non anglophones, o\u00f9 l&#8217;information ind\u00e9pendante de qualit\u00e9 fait souvent d\u00e9faut. Notre objectif est de rendre cette technologie accessible et compr\u00e9hensible, quels que soient votre langue, votre localisation ou votre bagage technique.<\/p>\n\n\n\n<p>AgentAya est professionnel et prend au s\u00e9rieux sa responsabilit\u00e9. Nous savons que les propri\u00e9taires de petites entreprises ne peuvent pas se permettre de perdre du temps ou de l&#8217;argent sur les mauvais logiciels. Notre objectif est de les soutenir avec des informations claires et fiables afin qu&#8217;ils puissent prendre des d\u00e9cisions rapides et confiantes et rester comp\u00e9titifs dans un monde pilot\u00e9 par l&#8217;IA.<\/p>\n\n\n\n<p>Nous ne facturons pas l&#8217;acc\u00e8s des utilisateurs \u00e0 notre plateforme. Nous percevons des commissions sur certains des outils que nous recommandons, mais cela n&#8217;a aucune influence sur nos classements ou nos reviews. Nous appliquons les m\u00eames standards \u00e0 chaque produit que nous couvrons, et nous sommes enti\u00e8rement transparents sur notre fonctionnement.<\/p>\n\n\n\n<p>AgentAya est construit par une petite \u00e9quipe internationale qui partage la conviction que l&#8217;IA a le potentiel d&#8217;autonomiser les gens. Et un engagement \u00e0 aider les autres \u00e0 trouver de la clart\u00e9 dans un march\u00e9 bruyant.<\/p>\n\n\n\n<p>Si vous avez des questions, des suggestions, ou si vous souhaitez simplement nous contacter, n&#8217;h\u00e9sitez pas \u00e0 nous \u00e9crire \u00e0 <a href=\"mailto:info@agentaya.com\" target=\"_blank\" rel=\"noreferrer noopener\">info@agentaya.com<\/a>.<\/p>\n<\/div><\/div>\n\n<\/div><\/div>\n\n<div class=\"wp-block-group\"><div class=\"wp-block-group__inner-container is-layout-constrained wp-block-group-is-layout-constrained\"><style>.kb-row-layout-id6_6b25fe-0f > .kt-row-column-wrap{align-content:start;}:where(.kb-row-layout-id6_6b25fe-0f > .kt-row-column-wrap) > .wp-block-kadence-column{justify-content:start;}.kb-row-layout-id6_6b25fe-0f > .kt-row-column-wrap{column-gap:var(--global-kb-gap-md, 2rem);row-gap:var(--global-kb-gap-md, 2rem);max-width:var( --global-content-width, 1290px );padding-left:var(--global-content-edge-padding);padding-right:var(--global-content-edge-padding);padding-top:var(--global-kb-spacing-sm, 1.5rem);padding-bottom:var(--global-kb-spacing-sm, 1.5rem);grid-template-columns:minmax(0, 1fr);}.kb-row-layout-id6_6b25fe-0f > .kt-row-layout-overlay{opacity:0.30;}@media all and (max-width: 1024px){.kb-row-layout-id6_6b25fe-0f > .kt-row-column-wrap{grid-template-columns:minmax(0, 1fr);}}@media all and (max-width: 767px){.kb-row-layout-id6_6b25fe-0f > .kt-row-column-wrap{grid-template-columns:minmax(0, 1fr);}}<\/style><div class=\"kb-row-layout-wrap kb-row-layout-id6_6b25fe-0f alignnone wp-block-kadence-rowlayout\"><div class=\"kt-row-column-wrap kt-has-1-columns kt-row-layout-equal kt-tab-layout-inherit kt-mobile-layout-row kt-row-valign-top kb-theme-content-width\">\n<style>.kadence-column6_796277-ad > .kt-inside-inner-col{display:flex;}.kadence-column6_796277-ad > .kt-inside-inner-col,.kadence-column6_796277-ad > .kt-inside-inner-col:before{border-top-left-radius:0px;border-top-right-radius:0px;border-bottom-right-radius:0px;border-bottom-left-radius:0px;}.kadence-column6_796277-ad > .kt-inside-inner-col{column-gap:var(--global-kb-gap-sm, 1rem);}.kadence-column6_796277-ad > .kt-inside-inner-col{flex-direction:column;align-items:center;}.kadence-column6_796277-ad > .kt-inside-inner-col > .kb-image-is-ratio-size{align-self:stretch;}.kadence-column6_796277-ad > .kt-inside-inner-col > .wp-block-kadence-advancedgallery{align-self:stretch;}.kadence-column6_796277-ad > .kt-inside-inner-col > .aligncenter{width:100%;}.kadence-column6_796277-ad > .kt-inside-inner-col:before{opacity:0.3;}.kadence-column6_796277-ad{position:relative;}@media all and (max-width: 1024px){.kadence-column6_796277-ad > .kt-inside-inner-col{flex-direction:column;justify-content:center;align-items:center;}}@media all and (max-width: 767px){.kadence-column6_796277-ad > .kt-inside-inner-col{flex-direction:column;justify-content:center;align-items:center;}}<\/style>\n<div class=\"wp-block-kadence-column kadence-column6_796277-ad\"><div class=\"kt-inside-inner-col\"><style>.wp-block-kadence-advancedheading.kt-adv-heading6_6da52d-9e, .wp-block-kadence-advancedheading.kt-adv-heading6_6da52d-9e[data-kb-block=\"kb-adv-heading6_6da52d-9e\"]{font-size:2.2vw;font-style:normal;}.wp-block-kadence-advancedheading.kt-adv-heading6_6da52d-9e mark.kt-highlight, .wp-block-kadence-advancedheading.kt-adv-heading6_6da52d-9e[data-kb-block=\"kb-adv-heading6_6da52d-9e\"] mark.kt-highlight{font-style:normal;color:#f76a0c;-webkit-box-decoration-break:clone;box-decoration-break:clone;padding-top:0px;padding-right:0px;padding-bottom:0px;padding-left:0px;}.wp-block-kadence-advancedheading.kt-adv-heading6_6da52d-9e img.kb-inline-image, .wp-block-kadence-advancedheading.kt-adv-heading6_6da52d-9e[data-kb-block=\"kb-adv-heading6_6da52d-9e\"] img.kb-inline-image{width:150px;vertical-align:baseline;}<\/style>\n<h2 class=\"kt-adv-heading6_6da52d-9e wp-block-kadence-advancedheading\" data-kb-block=\"kb-adv-heading6_6da52d-9e\"><span class=\"bg-highlight\">Restez inform\u00e9<\/span><\/h2>\n\n\n\n<p class=\"has-text-align-center\">Ne manquez aucune actualit\u00e9. Abonnez-vous et recevez les derniers <br>avis sur les outils IA directement dans votre bo\u00eete mail.<\/p>\n<\/div><\/div>\n\n<\/div><\/div>\n\n<style>.kb-row-layout-id6_c36294-88 > .kt-row-column-wrap{align-content:start;}:where(.kb-row-layout-id6_c36294-88 > .kt-row-column-wrap) > .wp-block-kadence-column{justify-content:start;}.kb-row-layout-id6_c36294-88 > .kt-row-column-wrap{column-gap:var(--global-kb-gap-md, 2rem);row-gap:var(--global-kb-gap-md, 2rem);max-width:var( --global-content-width, 1290px );padding-left:var(--global-content-edge-padding);padding-right:var(--global-content-edge-padding);padding-top:var(--global-kb-spacing-sm, 1.5rem);padding-bottom:var(--global-kb-spacing-sm, 1.5rem);grid-template-columns:minmax(0, 1fr);}.kb-row-layout-id6_c36294-88 > .kt-row-layout-overlay{opacity:0.30;}@media all and (max-width: 1024px){.kb-row-layout-id6_c36294-88 > .kt-row-column-wrap{grid-template-columns:minmax(0, 1fr);}}@media all and (max-width: 767px){.kb-row-layout-id6_c36294-88 > .kt-row-column-wrap{grid-template-columns:minmax(0, 1fr);}}<\/style><div class=\"kb-row-layout-wrap kb-row-layout-id6_c36294-88 alignnone wp-block-kadence-rowlayout\"><div class=\"kt-row-column-wrap kt-has-1-columns kt-row-layout-equal kt-tab-layout-inherit kt-mobile-layout-row kt-row-valign-top kb-theme-content-width\">\n<style>.kadence-column6_789511-eb > .kt-inside-inner-col{display:flex;}.kadence-column6_789511-eb > .kt-inside-inner-col{padding-right:12vw;padding-left:12vw;}.kadence-column6_789511-eb > .kt-inside-inner-col,.kadence-column6_789511-eb > .kt-inside-inner-col:before{border-top-left-radius:0px;border-top-right-radius:0px;border-bottom-right-radius:0px;border-bottom-left-radius:0px;}.kadence-column6_789511-eb > .kt-inside-inner-col{column-gap:var(--global-kb-gap-sm, 1rem);}.kadence-column6_789511-eb > .kt-inside-inner-col{flex-direction:column;align-items:center;}.kadence-column6_789511-eb > .kt-inside-inner-col > .kb-image-is-ratio-size{align-self:stretch;}.kadence-column6_789511-eb > .kt-inside-inner-col > .wp-block-kadence-advancedgallery{align-self:stretch;}.kadence-column6_789511-eb > .kt-inside-inner-col > .aligncenter{width:100%;}.kadence-column6_789511-eb > .kt-inside-inner-col:before{opacity:0.3;}.kadence-column6_789511-eb{position:relative;}@media all and (max-width: 1024px){.kadence-column6_789511-eb > .kt-inside-inner-col{flex-direction:column;justify-content:center;align-items:center;}}@media all and (max-width: 767px){.kadence-column6_789511-eb > .kt-inside-inner-col{flex-direction:column;justify-content:center;align-items:center;}}<\/style>\n<div class=\"wp-block-kadence-column kadence-column6_789511-eb\"><div class=\"kt-inside-inner-col\"><form action=\"https:\/\/agentaya.com\/fr\/wp-json\/ws-form\/v1\/submit\" class=\"wsf-form wsf-form-canvas\" id=\"ws-form-1\" data-id=\"9\" method=\"POST\" data-instance-id=\"1\" data-wsf-style-id=\"1\"><\/form>\n<\/div><\/div>\n\n<\/div><\/div><\/div><\/div>","protected":false},"excerpt":{"rendered":"<p>\u00c0 propos AgentAya a \u00e9t\u00e9 cr\u00e9\u00e9 pour aider les professionnels \u00e0 comprendre le monde en croissance rapide et souvent d\u00e9routant des outils IA et des agents IA. De nouvelles solutions IA innovantes sont lanc\u00e9es chaque jour, mais il est difficile de savoir lesquelles fonctionnent r\u00e9ellement, lesquelles valent la peine d&#8217;\u00eatre pay\u00e9es et lesquelles conviennent \u00e0&#8230;<\/p>\n","protected":false},"author":1,"featured_media":0,"parent":0,"menu_order":0,"comment_status":"closed","ping_status":"closed","template":"","meta":{"_acf_changed":false,"_kad_post_transparent":"","_kad_post_title":"hide","_kad_post_layout":"default","_kad_post_sidebar_id":"","_kad_post_content_style":"unboxed","_kad_post_vertical_padding":"show","_kad_post_feature":"","_kad_post_feature_position":"","_kad_post_header":false,"_kad_post_footer":false,"_kad_post_classname":"","footnotes":""},"class_list":["post-135","page","type-page","status-publish","hentry"],"acf":[],"_links":{"self":[{"href":"https:\/\/agentaya.com\/fr\/wp-json\/wp\/v2\/pages\/135","targetHints":{"allow":["GET"]}}],"collection":[{"href":"https:\/\/agentaya.com\/fr\/wp-json\/wp\/v2\/pages"}],"about":[{"href":"https:\/\/agentaya.com\/fr\/wp-json\/wp\/v2\/types\/page"}],"author":[{"embeddable":true,"href":"https:\/\/agentaya.com\/fr\/wp-json\/wp\/v2\/users\/1"}],"replies":[{"embeddable":true,"href":"https:\/\/agentaya.com\/fr\/wp-json\/wp\/v2\/comments?post=135"}],"version-history":[{"count":64,"href":"https:\/\/agentaya.com\/fr\/wp-json\/wp\/v2\/pages\/135\/revisions"}],"predecessor-version":[{"id":3775,"href":"https:\/\/agentaya.com\/fr\/wp-json\/wp\/v2\/pages\/135\/revisions\/3775"}],"wp:attachment":[{"href":"https:\/\/agentaya.com\/fr\/wp-json\/wp\/v2\/media?parent=135"}],"curies":[{"name":"wp","href":"https:\/\/api.w.org\/{rel}","templated":true}]}}