{"id":137,"date":"2025-08-23T07:05:03","date_gmt":"2025-08-23T07:05:03","guid":{"rendered":"https:\/\/agentaya.com\/?page_id=137"},"modified":"2026-04-09T19:05:52","modified_gmt":"2026-04-09T17:05:52","slug":"contactez-nous","status":"publish","type":"page","link":"https:\/\/agentaya.com\/fr\/contactez-nous\/","title":{"rendered":"Contactez-nous"},"content":{"rendered":"<style>.wp-block-kadence-advancedheading.kt-adv-heading137_4a4154-9a, .wp-block-kadence-advancedheading.kt-adv-heading137_4a4154-9a[data-kb-block=\"kb-adv-heading137_4a4154-9a\"]{text-align:center;font-size:var(--global-kb-font-size-xl, 3rem);font-style:normal;}.wp-block-kadence-advancedheading.kt-adv-heading137_4a4154-9a mark.kt-highlight, .wp-block-kadence-advancedheading.kt-adv-heading137_4a4154-9a[data-kb-block=\"kb-adv-heading137_4a4154-9a\"] mark.kt-highlight{font-style:normal;color:#f76a0c;-webkit-box-decoration-break:clone;box-decoration-break:clone;padding-top:0px;padding-right:0px;padding-bottom:0px;padding-left:0px;}.wp-block-kadence-advancedheading.kt-adv-heading137_4a4154-9a img.kb-inline-image, .wp-block-kadence-advancedheading.kt-adv-heading137_4a4154-9a[data-kb-block=\"kb-adv-heading137_4a4154-9a\"] img.kb-inline-image{width:150px;vertical-align:baseline;}<\/style>\n<h1 class=\"kt-adv-heading137_4a4154-9a wp-block-kadence-advancedheading\" data-kb-block=\"kb-adv-heading137_4a4154-9a\"><span class=\"bg-highlight\">Contactez-nous<\/span><\/h1>\n\n\n<style>.kb-row-layout-id137_f11e8b-22 > .kt-row-column-wrap{align-content:start;}:where(.kb-row-layout-id137_f11e8b-22 > .kt-row-column-wrap) > .wp-block-kadence-column{justify-content:start;}.kb-row-layout-id137_f11e8b-22 > .kt-row-column-wrap{column-gap:var(--global-kb-gap-md, 2rem);row-gap:var(--global-kb-gap-none, 0rem );max-width:var( --global-content-width, 1290px );padding-left:var(--global-content-edge-padding);padding-right:var(--global-content-edge-padding);padding-top:0px;padding-bottom:var(--global-kb-spacing-sm, 1.5rem);grid-template-columns:minmax(0, 1fr);}.kb-row-layout-id137_f11e8b-22 > .kt-row-layout-overlay{opacity:0.30;}@media all and (max-width: 1024px){.kb-row-layout-id137_f11e8b-22 > .kt-row-column-wrap{grid-template-columns:minmax(0, 1fr);}}@media all and (max-width: 767px){.kb-row-layout-id137_f11e8b-22 > .kt-row-column-wrap{grid-template-columns:minmax(0, 1fr);}}<\/style><div class=\"kb-row-layout-wrap kb-row-layout-id137_f11e8b-22 alignnone wp-block-kadence-rowlayout\"><div class=\"kt-row-column-wrap kt-has-1-columns kt-row-layout-equal kt-tab-layout-inherit kt-mobile-layout-row kt-row-valign-top kt-inner-column-height-full kb-theme-content-width\">\n<style>.kadence-column137_caed89-37 > .kt-inside-inner-col{display:flex;}.kadence-column137_caed89-37 > .kt-inside-inner-col{padding-right:12vw;padding-left:12vw;}.kadence-column137_caed89-37 > .kt-inside-inner-col,.kadence-column137_caed89-37 > .kt-inside-inner-col:before{border-top-left-radius:0px;border-top-right-radius:0px;border-bottom-right-radius:0px;border-bottom-left-radius:0px;}.kadence-column137_caed89-37 > .kt-inside-inner-col{column-gap:var(--global-kb-gap-sm, 1rem);}.kadence-column137_caed89-37 > .kt-inside-inner-col{flex-direction:column;justify-content:flex-start;}.kadence-column137_caed89-37 > .kt-inside-inner-col > .aligncenter{width:100%;}.kt-row-column-wrap > .kadence-column137_caed89-37{align-self:flex-start;}.kt-inner-column-height-full:not(.kt-has-1-columns) > .wp-block-kadence-column.kadence-column137_caed89-37{align-self:auto;}.kt-inner-column-height-full:not(.kt-has-1-columns) > .wp-block-kadence-column.kadence-column137_caed89-37 > .kt-inside-inner-col{flex-direction:column;justify-content:flex-start;}.kadence-column137_caed89-37 > .kt-inside-inner-col:before{opacity:0.3;}.kadence-column137_caed89-37{position:relative;}@media all and (max-width: 1024px){.kt-row-column-wrap > .kadence-column137_caed89-37{align-self:flex-start;}}@media all and (max-width: 1024px){.kt-inner-column-height-full:not(.kt-has-1-columns) > .wp-block-kadence-column.kadence-column137_caed89-37{align-self:auto;}}@media all and (max-width: 1024px){.kt-inner-column-height-full:not(.kt-has-1-columns) > .wp-block-kadence-column.kadence-column137_caed89-37 > .kt-inside-inner-col{flex-direction:column;justify-content:flex-start;}}@media all and (max-width: 1024px){.kadence-column137_caed89-37 > .kt-inside-inner-col{flex-direction:column;justify-content:flex-start;}}@media all and (max-width: 767px){.kt-row-column-wrap > .kadence-column137_caed89-37{align-self:flex-start;}.kt-inner-column-height-full:not(.kt-has-1-columns) > .wp-block-kadence-column.kadence-column137_caed89-37{align-self:auto;}.kt-inner-column-height-full:not(.kt-has-1-columns) > .wp-block-kadence-column.kadence-column137_caed89-37 > .kt-inside-inner-col{flex-direction:column;justify-content:flex-start;}.kadence-column137_caed89-37 > .kt-inside-inner-col{flex-direction:column;justify-content:flex-start;}}<\/style>\n<div class=\"wp-block-kadence-column kadence-column137_caed89-37\"><div class=\"kt-inside-inner-col\"><style>.wp-block-kadence-advancedheading.kt-adv-heading137_73b21f-38, .wp-block-kadence-advancedheading.kt-adv-heading137_73b21f-38[data-kb-block=\"kb-adv-heading137_73b21f-38\"]{font-style:normal;}.wp-block-kadence-advancedheading.kt-adv-heading137_73b21f-38 mark.kt-highlight, .wp-block-kadence-advancedheading.kt-adv-heading137_73b21f-38[data-kb-block=\"kb-adv-heading137_73b21f-38\"] mark.kt-highlight{font-style:normal;color:#f76a0c;-webkit-box-decoration-break:clone;box-decoration-break:clone;padding-top:0px;padding-right:0px;padding-bottom:0px;padding-left:0px;}.wp-block-kadence-advancedheading.kt-adv-heading137_73b21f-38 img.kb-inline-image, .wp-block-kadence-advancedheading.kt-adv-heading137_73b21f-38[data-kb-block=\"kb-adv-heading137_73b21f-38\"] img.kb-inline-image{width:150px;vertical-align:baseline;}<\/style>\n<p class=\"kt-adv-heading137_73b21f-38 wp-block-kadence-advancedheading\" data-kb-block=\"kb-adv-heading137_73b21f-38\">Que vous soyez un professionnel recherchant le bon outil IA, un partenaire int\u00e9ress\u00e9 par une collaboration avec nous, ou un investisseur curieux de d\u00e9couvrir ce que nous construisons, votre message compte.<br><br>Remplissez ce formulaire et nous vous r\u00e9pondrons dans les plus brefs d\u00e9lais. Si vous pr\u00e9f\u00e9rez, vous pouvez \u00e9galement nous joindre directement \u00e0 <a href=\"mailto:info@agentaya.com\">info@agentaya.com<\/a>.<br><br>AgentAya en est encore \u00e0 ses d\u00e9buts, mais nous construisons avec une vision \u00e0 long terme : rendre l&#8217;IA plus facile, plus claire et plus accessible pour les entreprises partout dans le monde. Merci de faire partie de notre aventure.<br><br><\/p>\n<\/div><\/div>\n\n<\/div><\/div>\n\n<style>.kb-row-layout-id137_74d5d3-c4 > .kt-row-column-wrap{align-content:start;}:where(.kb-row-layout-id137_74d5d3-c4 > .kt-row-column-wrap) > .wp-block-kadence-column{justify-content:start;}.kb-row-layout-id137_74d5d3-c4 > .kt-row-column-wrap{column-gap:var(--global-kb-gap-md, 2rem);row-gap:var(--global-kb-gap-md, 2rem);max-width:var( --global-content-width, 1290px );padding-left:var(--global-content-edge-padding);padding-right:var(--global-content-edge-padding);padding-top:var(--global-kb-spacing-sm, 1.5rem);padding-bottom:var(--global-kb-spacing-sm, 1.5rem);grid-template-columns:minmax(0, 1fr);}.kb-row-layout-id137_74d5d3-c4 > .kt-row-layout-overlay{opacity:0.30;}@media all and (max-width: 1024px){.kb-row-layout-id137_74d5d3-c4 > .kt-row-column-wrap{grid-template-columns:minmax(0, 1fr);}}@media all and (max-width: 767px){.kb-row-layout-id137_74d5d3-c4 > .kt-row-column-wrap{grid-template-columns:minmax(0, 1fr);}}<\/style><div class=\"kb-row-layout-wrap kb-row-layout-id137_74d5d3-c4 alignnone wp-block-kadence-rowlayout\"><div class=\"kt-row-column-wrap kt-has-1-columns kt-row-layout-equal kt-tab-layout-inherit kt-mobile-layout-row kt-row-valign-top kb-theme-content-width\">\n<style>.kadence-column137_c64fbb-7e > .kt-inside-inner-col{padding-right:12vw;padding-left:12vw;}.kadence-column137_c64fbb-7e > .kt-inside-inner-col,.kadence-column137_c64fbb-7e > .kt-inside-inner-col:before{border-top-left-radius:0px;border-top-right-radius:0px;border-bottom-right-radius:0px;border-bottom-left-radius:0px;}.kadence-column137_c64fbb-7e > .kt-inside-inner-col{column-gap:var(--global-kb-gap-sm, 1rem);}.kadence-column137_c64fbb-7e > .kt-inside-inner-col{flex-direction:column;}.kadence-column137_c64fbb-7e > .kt-inside-inner-col > .aligncenter{width:100%;}.kadence-column137_c64fbb-7e > .kt-inside-inner-col:before{opacity:0.3;}.kadence-column137_c64fbb-7e{position:relative;}@media all and (max-width: 1024px){.kadence-column137_c64fbb-7e > .kt-inside-inner-col{flex-direction:column;justify-content:center;}}@media all and (max-width: 767px){.kadence-column137_c64fbb-7e > .kt-inside-inner-col{flex-direction:column;justify-content:center;}}<\/style>\n<div class=\"wp-block-kadence-column kadence-column137_c64fbb-7e\"><div class=\"kt-inside-inner-col\"><form action=\"https:\/\/agentaya.com\/fr\/wp-json\/ws-form\/v1\/submit\" class=\"wsf-form wsf-form-canvas\" id=\"ws-form-1\" data-id=\"3\" method=\"POST\" data-instance-id=\"1\" data-wsf-style-id=\"1\"><\/form>\n<\/div><\/div>\n\n<\/div><\/div>","protected":false},"excerpt":{"rendered":"<p>Contactez-nous Que vous soyez un professionnel recherchant le bon outil IA, un partenaire int\u00e9ress\u00e9 par une collaboration avec nous, ou un investisseur curieux de d\u00e9couvrir ce que nous construisons, votre message compte. Remplissez ce formulaire et nous vous r\u00e9pondrons dans les plus brefs d\u00e9lais. Si vous pr\u00e9f\u00e9rez, vous pouvez \u00e9galement nous joindre directement \u00e0 info@agentaya.com&#8230;.<\/p>\n","protected":false},"author":1,"featured_media":0,"parent":0,"menu_order":0,"comment_status":"closed","ping_status":"closed","template":"","meta":{"_acf_changed":false,"_kad_post_transparent":"","_kad_post_title":"hide","_kad_post_layout":"","_kad_post_sidebar_id":"","_kad_post_content_style":"unboxed","_kad_post_vertical_padding":"show","_kad_post_feature":"","_kad_post_feature_position":"","_kad_post_header":false,"_kad_post_footer":false,"_kad_post_classname":"","footnotes":""},"class_list":["post-137","page","type-page","status-publish","hentry"],"acf":[],"_links":{"self":[{"href":"https:\/\/agentaya.com\/fr\/wp-json\/wp\/v2\/pages\/137","targetHints":{"allow":["GET"]}}],"collection":[{"href":"https:\/\/agentaya.com\/fr\/wp-json\/wp\/v2\/pages"}],"about":[{"href":"https:\/\/agentaya.com\/fr\/wp-json\/wp\/v2\/types\/page"}],"author":[{"embeddable":true,"href":"https:\/\/agentaya.com\/fr\/wp-json\/wp\/v2\/users\/1"}],"replies":[{"embeddable":true,"href":"https:\/\/agentaya.com\/fr\/wp-json\/wp\/v2\/comments?post=137"}],"version-history":[{"count":53,"href":"https:\/\/agentaya.com\/fr\/wp-json\/wp\/v2\/pages\/137\/revisions"}],"predecessor-version":[{"id":3353,"href":"https:\/\/agentaya.com\/fr\/wp-json\/wp\/v2\/pages\/137\/revisions\/3353"}],"wp:attachment":[{"href":"https:\/\/agentaya.com\/fr\/wp-json\/wp\/v2\/media?parent=137"}],"curies":[{"name":"wp","href":"https:\/\/api.w.org\/{rel}","templated":true}]}}